{"id":39,"date":"2023-12-14T14:41:59","date_gmt":"2023-12-14T13:41:59","guid":{"rendered":"https:\/\/les-nuitees-litteraires-aixoises.com\/index.php\/about-us\/"},"modified":"2025-09-28T11:23:01","modified_gmt":"2025-09-28T09:23:01","slug":"about-us","status":"publish","type":"page","link":"https:\/\/les-nuitees-litteraires-aixoises.com\/index.php\/about-us\/","title":{"rendered":"Les Nuit\u00e9es"},"content":{"rendered":"\t\t<div data-elementor-type=\"wp-page\" data-elementor-id=\"39\" class=\"elementor elementor-39\">\n\t\t\t\t<div class=\"elementor-element elementor-element-7fa2dc55 e-con-full e-flex e-con e-parent\" data-id=\"7fa2dc55\" data-element_type=\"container\">\n\t\t<div class=\"elementor-element elementor-element-11b0f0ce e-con-full e-flex e-con e-child\" data-id=\"11b0f0ce\" data-element_type=\"container\">\n\t\t<div class=\"elementor-element elementor-element-425aece2 e-con-full e-flex e-con e-child\" data-id=\"425aece2\" data-element_type=\"container\">\n\t\t\t\t<div class=\"elementor-element elementor-element-2fe4dab2 elementor-widget elementor-widget-heading\" data-id=\"2fe4dab2\" data-element_type=\"widget\" data-widget_type=\"heading.default\">\n\t\t\t\t<div class=\"elementor-widget-container\">\n\t\t\t\t\t<h1 class=\"elementor-heading-title elementor-size-default\">Les Nuit\u00e9es litt\u00e9raires aixoises en quelques mots<\/h1>\t\t\t\t<\/div>\n\t\t\t\t<\/div>\n\t\t\t\t<div class=\"elementor-element elementor-element-365af02e elementor-widget__width-initial elementor-invisible elementor-widget elementor-widget-text-editor\" data-id=\"365af02e\" data-element_type=\"widget\" data-settings=\"{&quot;_animation&quot;:&quot;fadeInDown&quot;}\" data-widget_type=\"text-editor.default\">\n\t\t\t\t<div class=\"elementor-widget-container\">\n\t\t\t\t\t\t\t\t\t<p>L&#8217;association des Nuit\u00e9es litt\u00e9raires aixoises a vu le jour en 2023. Son objectif est de promouvoir la litt\u00e9rature et la culture, des domaines chers \u00e0 la Ville d&#8217;Aix-en-Provence. Pour ce faire, une soir\u00e9es de rencontres litt\u00e9raires sera offerte au public. Celui-ci pourra d\u00e9couvrir et red\u00e9couvrir de nombreux auteurs.<\/p>\t\t\t\t\t\t\t\t<\/div>\n\t\t\t\t<\/div>\n\t\t\t\t<\/div>\n\t\t\t\t<\/div>\n\t\t<div class=\"elementor-element elementor-element-eff08e0 e-con-full e-flex e-con e-child\" data-id=\"eff08e0\" data-element_type=\"container\">\n\t\t\t\t<div class=\"elementor-element elementor-element-d260e5b elementor-widget elementor-widget-image\" data-id=\"d260e5b\" data-element_type=\"widget\" data-widget_type=\"image.default\">\n\t\t\t\t<div class=\"elementor-widget-container\">\n\t\t\t\t\t\t\t\t\t\t\t\t\t\t\t<img fetchpriority=\"high\" decoding=\"async\" width=\"679\" height=\"1024\" src=\"https:\/\/les-nuitees-litteraires-aixoises.com\/wp-content\/uploads\/2024\/03\/unnamed-679x1024.png\" class=\"attachment-large size-large wp-image-321\" alt=\"\" srcset=\"https:\/\/les-nuitees-litteraires-aixoises.com\/wp-content\/uploads\/2024\/03\/unnamed-679x1024.png 679w, https:\/\/les-nuitees-litteraires-aixoises.com\/wp-content\/uploads\/2024\/03\/unnamed-199x300.png 199w, https:\/\/les-nuitees-litteraires-aixoises.com\/wp-content\/uploads\/2024\/03\/unnamed-768x1158.png 768w, https:\/\/les-nuitees-litteraires-aixoises.com\/wp-content\/uploads\/2024\/03\/unnamed.png 828w\" sizes=\"(max-width: 679px) 100vw, 679px\" \/>\t\t\t\t\t\t\t\t\t\t\t\t\t\t\t<\/div>\n\t\t\t\t<\/div>\n\t\t\t\t<\/div>\n\t\t\t\t<\/div>\n\t\t<div class=\"elementor-element elementor-element-395c9c0a e-flex e-con-boxed e-con e-parent\" data-id=\"395c9c0a\" data-element_type=\"container\">\n\t\t\t\t\t<div class=\"e-con-inner\">\n\t\t\t\t<div class=\"elementor-element elementor-element-545e630 elementor-widget-divider--view-line elementor-widget elementor-widget-divider\" data-id=\"545e630\" data-element_type=\"widget\" data-widget_type=\"divider.default\">\n\t\t\t\t<div class=\"elementor-widget-container\">\n\t\t\t\t\t\t\t<div class=\"elementor-divider\">\n\t\t\t<span class=\"elementor-divider-separator\">\n\t\t\t\t\t\t<\/span>\n\t\t<\/div>\n\t\t\t\t\t\t<\/div>\n\t\t\t\t<\/div>\n\t\t\t\t<div class=\"elementor-element elementor-element-47b9c137 elementor-widget elementor-widget-heading\" data-id=\"47b9c137\" data-element_type=\"widget\" data-widget_type=\"heading.default\">\n\t\t\t\t<div class=\"elementor-widget-container\">\n\t\t\t\t\t<h2 class=\"elementor-heading-title elementor-size-default\">Les Nuit\u00e9es litt\u00e9raires\u00a0: un \u00e9v\u00e9nement culturel \u00e0 Aix-en-Provence<\/h2>\t\t\t\t<\/div>\n\t\t\t\t<\/div>\n\t\t\t\t<div class=\"elementor-element elementor-element-5ec1d93d elementor-invisible elementor-widget elementor-widget-text-editor\" data-id=\"5ec1d93d\" data-element_type=\"widget\" data-settings=\"{&quot;_animation&quot;:&quot;fadeIn&quot;}\" data-widget_type=\"text-editor.default\">\n\t\t\t\t<div class=\"elementor-widget-container\">\n\t\t\t\t\t\t\t\t\t<p>\u00c0 l&#8217;origine des Nuit\u00e9es, une id\u00e9e de sa fondatrice : celle d&#8217;offrir aux habitants et visiteurs d&#8217;Aix-en-Provence un nouvel \u00e9v\u00e9nement litt\u00e9raire. Le temps de deux belles soir\u00e9es estivales, vous pourrez rencontrer les auteurs en haut du cours Mirabeau. Ils vous attendront pour des moments de partage, de d\u00e9couvertes et d&#8217;\u00e9changes autour d&#8217;un th\u00e8me passionnant : l&#8217;\u00e9criture\u2026 sous toutes ses formes !<\/p>\t\t\t\t\t\t\t\t<\/div>\n\t\t\t\t<\/div>\n\t\t\t\t\t<\/div>\n\t\t\t\t<\/div>\n\t\t<div class=\"elementor-element elementor-element-3056a2d1 e-con-full e-flex e-con e-parent\" data-id=\"3056a2d1\" data-element_type=\"container\">\n\t\t\t\t<div class=\"elementor-element elementor-element-b7bb9f9 elementor-widget elementor-widget-heading\" data-id=\"b7bb9f9\" data-element_type=\"widget\" data-widget_type=\"heading.default\">\n\t\t\t\t<div class=\"elementor-widget-container\">\n\t\t\t\t\t<span class=\"elementor-heading-title elementor-size-default\">au programme<\/span>\t\t\t\t<\/div>\n\t\t\t\t<\/div>\n\t\t\t\t<\/div>\n\t\t<div class=\"elementor-element elementor-element-c3a9b4a e-flex e-con-boxed e-con e-parent\" data-id=\"c3a9b4a\" data-element_type=\"container\">\n\t\t\t\t\t<div class=\"e-con-inner\">\n\t\t\t\t<div class=\"elementor-element elementor-element-0e09265 elementor-widget-divider--view-line elementor-widget elementor-widget-divider\" data-id=\"0e09265\" data-element_type=\"widget\" data-widget_type=\"divider.default\">\n\t\t\t\t<div class=\"elementor-widget-container\">\n\t\t\t\t\t\t\t<div class=\"elementor-divider\">\n\t\t\t<span class=\"elementor-divider-separator\">\n\t\t\t\t\t\t<\/span>\n\t\t<\/div>\n\t\t\t\t\t\t<\/div>\n\t\t\t\t<\/div>\n\t\t\t\t<div class=\"elementor-element elementor-element-1543435 elementor-widget elementor-widget-heading\" data-id=\"1543435\" data-element_type=\"widget\" data-widget_type=\"heading.default\">\n\t\t\t\t<div class=\"elementor-widget-container\">\n\t\t\t\t\t<h2 class=\"elementor-heading-title elementor-size-default\">D\u00e9dicaces &amp; interviews\n<\/h2>\t\t\t\t<\/div>\n\t\t\t\t<\/div>\n\t\t\t\t<div class=\"elementor-element elementor-element-ae77647 elementor-invisible elementor-widget elementor-widget-text-editor\" data-id=\"ae77647\" data-element_type=\"widget\" data-settings=\"{&quot;_animation&quot;:&quot;fadeIn&quot;}\" data-widget_type=\"text-editor.default\">\n\t\t\t\t<div class=\"elementor-widget-container\">\n\t\t\t\t\t\t\t\t\t<p>Les auteurs vous attendront en haut du cours Mirabeau afin de vous pr\u00e9senter leurs ouvrages. Vous pourrez \u00e9changer avec eux et repartir avec des exemplaires d\u00e9dicac\u00e9s de vos titres favoris.<\/p><p>De petites interviews des \u00e9crivains seront r\u00e9alis\u00e9es afin d&#8217;animer l\u2019\u00e9v\u00e9nement. Vous pourrez y assister librement : l&#8217;occasion de d\u00e9couvrir de nouveaux auteurs ou de red\u00e9couvrir ceux que vous appr\u00e9ciez.<\/p>\t\t\t\t\t\t\t\t<\/div>\n\t\t\t\t<\/div>\n\t\t\t\t\t<\/div>\n\t\t\t\t<\/div>\n\t\t<div class=\"elementor-element elementor-element-eb00735 e-flex e-con-boxed e-con e-parent\" data-id=\"eb00735\" data-element_type=\"container\">\n\t\t\t\t\t<div class=\"e-con-inner\">\n\t\t\t\t<div class=\"elementor-element elementor-element-b35e8cf elementor-widget elementor-widget-spacer\" data-id=\"b35e8cf\" data-element_type=\"widget\" data-widget_type=\"spacer.default\">\n\t\t\t\t<div class=\"elementor-widget-container\">\n\t\t\t\t\t\t\t<div class=\"elementor-spacer\">\n\t\t\t<div class=\"elementor-spacer-inner\"><\/div>\n\t\t<\/div>\n\t\t\t\t\t\t<\/div>\n\t\t\t\t<\/div>\n\t\t\t\t\t<\/div>\n\t\t\t\t<\/div>\n\t\t<div class=\"elementor-element elementor-element-3ff439a e-flex e-con-boxed e-con e-parent\" data-id=\"3ff439a\" data-element_type=\"container\">\n\t\t\t\t\t<div class=\"e-con-inner\">\n\t\t\t\t<div class=\"elementor-element elementor-element-8eb2384 elementor-widget elementor-widget-heading\" data-id=\"8eb2384\" data-element_type=\"widget\" data-widget_type=\"heading.default\">\n\t\t\t\t<div class=\"elementor-widget-container\">\n\t\t\t\t\t<h2 class=\"elementor-heading-title elementor-size-default\">Un mot de Brigitte Moulins-Isoard, \nfondatrice des Nuit\u00e9es litt\u00e9raires aixoises.<\/h2>\t\t\t\t<\/div>\n\t\t\t\t<\/div>\n\t\t\t\t\t<\/div>\n\t\t\t\t<\/div>\n\t\t<div class=\"elementor-element elementor-element-31644c2 e-flex e-con-boxed e-con e-parent\" data-id=\"31644c2\" data-element_type=\"container\">\n\t\t\t\t\t<div class=\"e-con-inner\">\n\t\t\t\t<div class=\"elementor-element elementor-element-dff8f3e elementor-widget elementor-widget-spacer\" data-id=\"dff8f3e\" data-element_type=\"widget\" data-widget_type=\"spacer.default\">\n\t\t\t\t<div class=\"elementor-widget-container\">\n\t\t\t\t\t\t\t<div class=\"elementor-spacer\">\n\t\t\t<div class=\"elementor-spacer-inner\"><\/div>\n\t\t<\/div>\n\t\t\t\t\t\t<\/div>\n\t\t\t\t<\/div>\n\t\t\t\t\t<\/div>\n\t\t\t\t<\/div>\n\t\t<div class=\"elementor-element elementor-element-1bcec44 e-flex e-con-boxed e-con e-parent\" data-id=\"1bcec44\" data-element_type=\"container\" data-settings=\"{&quot;background_background&quot;:&quot;classic&quot;}\">\n\t\t\t\t\t<div class=\"e-con-inner\">\n\t\t<div class=\"elementor-element elementor-element-202b1e4 e-con-full e-flex e-con e-child\" data-id=\"202b1e4\" data-element_type=\"container\">\n\t\t\t\t<div class=\"elementor-element elementor-element-d118cfa elementor-widget elementor-widget-image\" data-id=\"d118cfa\" data-element_type=\"widget\" data-widget_type=\"image.default\">\n\t\t\t\t<div class=\"elementor-widget-container\">\n\t\t\t\t\t\t\t\t\t\t\t\t\t\t\t<img decoding=\"async\" width=\"382\" height=\"473\" src=\"https:\/\/les-nuitees-litteraires-aixoises.com\/wp-content\/uploads\/2023\/12\/IMG_3437-e1702981143234.jpeg\" class=\"attachment-full size-full wp-image-278\" alt=\"\" srcset=\"https:\/\/les-nuitees-litteraires-aixoises.com\/wp-content\/uploads\/2023\/12\/IMG_3437-e1702981143234.jpeg 382w, https:\/\/les-nuitees-litteraires-aixoises.com\/wp-content\/uploads\/2023\/12\/IMG_3437-e1702981143234-242x300.jpeg 242w\" sizes=\"(max-width: 382px) 100vw, 382px\" \/>\t\t\t\t\t\t\t\t\t\t\t\t\t\t\t<\/div>\n\t\t\t\t<\/div>\n\t\t\t\t<\/div>\n\t\t<div class=\"elementor-element elementor-element-224397a e-con-full e-flex e-con e-child\" data-id=\"224397a\" data-element_type=\"container\">\n\t\t\t\t<div class=\"elementor-element elementor-element-1ecdade elementor-widget elementor-widget-text-editor\" data-id=\"1ecdade\" data-element_type=\"widget\" data-widget_type=\"text-editor.default\">\n\t\t\t\t<div class=\"elementor-widget-container\">\n\t\t\t\t\t\t\t\t\t<p>\u00c9blouissante, stimulante, \u00e9l\u00e9gante, dynamique, Aix se d\u00e9cline en mille mots.<br \/>Ses rues pittoresques, ses march\u00e9s color\u00e9s, ses festivals, son prestigieux patrimoine, le tout sublim\u00e9 par l\u2019incomparable lumi\u00e8re de la Provence.<br \/>Depuis toujours, la ville a attir\u00e9 et inspir\u00e9 de tr\u00e8s nombreux artistes\u00a0: peintres, musiciens, \u00e9crivains\u2026<br \/>Alphonse Daudet, Jean Giono, Fr\u00e9d\u00e9ric Mistral, Marcel Pagnol, Edmond Rostand, Paul Alexis, Joseph d\u2019Arbaud, Alfred Capus, \u00c9mile Zola, C\u00e9zanne, Fran\u00e7ois-Auguste Mignet et tant d\u2019autres\u2026<br \/>Aix-en-Provence est la ville culturelle par excellence.<\/p>\t\t\t\t\t\t\t\t<\/div>\n\t\t\t\t<\/div>\n\t\t\t\t<\/div>\n\t\t\t\t\t<\/div>\n\t\t\t\t<\/div>\n\t\t<div class=\"elementor-element elementor-element-6977939f e-con-full e-flex e-con e-parent\" data-id=\"6977939f\" data-element_type=\"container\" data-settings=\"{&quot;background_background&quot;:&quot;classic&quot;}\">\n\t\t\t\t<div class=\"elementor-element elementor-element-112cc313 elementor-invisible elementor-widget elementor-widget-heading\" data-id=\"112cc313\" data-element_type=\"widget\" data-settings=\"{&quot;_animation&quot;:&quot;fadeInUp&quot;}\" data-widget_type=\"heading.default\">\n\t\t\t\t<div class=\"elementor-widget-container\">\n\t\t\t\t\t<span class=\"elementor-heading-title elementor-size-default\">rendez-vous le 17 juillet 2026<\/span>\t\t\t\t<\/div>\n\t\t\t\t<\/div>\n\t\t\t\t<\/div>\n\t\t\t\t<\/div>\n\t\t","protected":false},"excerpt":{"rendered":"<p>Au programme des nuit\u00e9es litt\u00e9raires aixoises\u00a0: rencontres d&#8217;auteurs vari\u00e9s, d\u00e9dicaces et moments d&#8217;\u00e9changes\u00a0!<br \/>\nLe tout dans un cadre proven\u00e7al unique, autour de la fontaine du Roi Ren\u00e9.<\/p>\n","protected":false},"author":1,"featured_media":85,"parent":0,"menu_order":0,"comment_status":"closed","ping_status":"closed","template":"elementor_header_footer","meta":{"footnotes":""},"class_list":["post-39","page","type-page","status-publish","has-post-thumbnail","hentry"],"_links":{"self":[{"href":"https:\/\/les-nuitees-litteraires-aixoises.com\/index.php\/wp-json\/wp\/v2\/pages\/39","targetHints":{"allow":["GET"]}}],"collection":[{"href":"https:\/\/les-nuitees-litteraires-aixoises.com\/index.php\/wp-json\/wp\/v2\/pages"}],"about":[{"href":"https:\/\/les-nuitees-litteraires-aixoises.com\/index.php\/wp-json\/wp\/v2\/types\/page"}],"author":[{"embeddable":true,"href":"https:\/\/les-nuitees-litteraires-aixoises.com\/index.php\/wp-json\/wp\/v2\/users\/1"}],"replies":[{"embeddable":true,"href":"https:\/\/les-nuitees-litteraires-aixoises.com\/index.php\/wp-json\/wp\/v2\/comments?post=39"}],"version-history":[{"count":61,"href":"https:\/\/les-nuitees-litteraires-aixoises.com\/index.php\/wp-json\/wp\/v2\/pages\/39\/revisions"}],"predecessor-version":[{"id":485,"href":"https:\/\/les-nuitees-litteraires-aixoises.com\/index.php\/wp-json\/wp\/v2\/pages\/39\/revisions\/485"}],"wp:featuredmedia":[{"embeddable":true,"href":"https:\/\/les-nuitees-litteraires-aixoises.com\/index.php\/wp-json\/wp\/v2\/media\/85"}],"wp:attachment":[{"href":"https:\/\/les-nuitees-litteraires-aixoises.com\/index.php\/wp-json\/wp\/v2\/media?parent=39"}],"curies":[{"name":"wp","href":"https:\/\/api.w.org\/{rel}","templated":true}]}}